{"id":554,"date":"2026-02-24T16:14:42","date_gmt":"2026-02-24T16:14:42","guid":{"rendered":"https:\/\/blncavillas.com\/viviendas-vacacionales\/"},"modified":"2026-03-10T12:01:32","modified_gmt":"2026-03-10T12:01:32","slug":"viviendas-vacacionales","status":"publish","type":"page","link":"https:\/\/blncavillas.com\/es\/viviendas-vacacionales\/","title":{"rendered":"Viviendas vacacionales"},"content":{"rendered":"<p>[et_pb_section fb_built=\u00bb1&#8243; custom_padding_last_edited=\u00bbon|phone\u00bb _builder_version=\u00bb4.27.4&#8243; _module_preset=\u00bbdefault\u00bb background_color=\u00bb#FFFFFF\u00bb use_background_color_gradient=\u00bbon\u00bb background_color_gradient_stops=\u00bb#ffffff 0%|#f9efe3 100%\u00bb background_image=\u00bbhttps:\/\/blncavillas.com\/wp-content\/uploads\/2026\/02\/BLNCAvillas_logo_white_download.png\u00bb background_size=\u00bbinitial\u00bb background_position=\u00bbbottom_left\u00bb background_horizontal_offset=\u00bb-8%\u00bb custom_padding=\u00bb30px||||false|false\u00bb custom_padding_tablet=\u00bb30px||||false|false\u00bb custom_padding_phone=\u00bb20px||||false|false\u00bb locked=\u00bboff\u00bb global_colors_info=\u00bb{}\u00bb][et_pb_row _builder_version=\u00bb4.27.4&#8243; _module_preset=\u00bbdefault\u00bb width=\u00bb85%\u00bb max_width=\u00bb1200px\u00bb locked=\u00bboff\u00bb global_colors_info=\u00bb{}\u00bb][et_pb_column type=\u00bb4_4&#8243; _builder_version=\u00bb4.27.0&#8243; _module_preset=\u00bbdefault\u00bb global_colors_info=\u00bb{}\u00bb][et_pb_icon font_icon=\u00bb&#xe021;||divi||400&#8243; icon_color=\u00bb#00ADB5&#8243; icon_width=\u00bb40px\u00bb _builder_version=\u00bb4.27.4&#8243; _module_preset=\u00bbdefault\u00bb custom_margin=\u00bb||10px||false|false\u00bb custom_padding=\u00bb||||false|false\u00bb locked=\u00bboff\u00bb global_colors_info=\u00bb{}\u00bb][\/et_pb_icon][et_pb_text _builder_version=\u00bb4.27.4&#8243; _module_preset=\u00bbdefault\u00bb text_font=\u00bbPoppins|300|||||||\u00bb text_font_size=\u00bb16px\u00bb header_line_height=\u00bb0.9em\u00bb header_2_font=\u00bbBlnca||||||||\u00bb header_2_text_color=\u00bb#000000&#8243; header_2_line_height=\u00bb1.1em\u00bb header_3_font=\u00bbBrandon Regular|||on|||||\u00bb header_3_text_align=\u00bbcenter\u00bb header_3_text_color=\u00bb#00ADB5&#8243; header_3_font_size=\u00bb18px\u00bb header_3_letter_spacing=\u00bb1px\u00bb header_3_line_height=\u00bb1.2em\u00bb text_orientation=\u00bbcenter\u00bb custom_margin=\u00bb||0px||false|false\u00bb locked=\u00bboff\u00bb global_colors_info=\u00bb{}\u00bb]<\/p>\n<h3>NUESTRO PORTFOLIO<\/h3>\n<p>[\/et_pb_text][et_pb_text _builder_version=\u00bb4.27.4&#8243; _module_preset=\u00bbdefault\u00bb text_font=\u00bbPoppins|300|||||||\u00bb text_font_size=\u00bb16px\u00bb header_line_height=\u00bb0.9em\u00bb header_2_font=\u00bbQuincy CF Light||||||||\u00bb header_2_text_align=\u00bbcenter\u00bb header_2_text_color=\u00bb#000000&#8243; header_2_font_size=\u00bb38px\u00bb header_2_line_height=\u00bb0.9em\u00bb header_3_font=\u00bbBrandon Regular|600||on|||||\u00bb header_3_text_color=\u00bb#00ADB5&#8243; header_3_font_size=\u00bb18px\u00bb header_3_letter_spacing=\u00bb1px\u00bb header_3_line_height=\u00bb1.2em\u00bb width=\u00bb50%\u00bb width_tablet=\u00bb50%\u00bb width_phone=\u00bb100%\u00bb width_last_edited=\u00bbon|phone\u00bb module_alignment=\u00bbcenter\u00bb custom_margin=\u00bb0px||5px||false|false\u00bb hover_enabled=\u00bb0&#8243; header_2_font_size_tablet=\u00bb38px\u00bb header_2_font_size_phone=\u00bb7vw\u00bb header_2_font_size_last_edited=\u00bbon|phone\u00bb locked=\u00bboff\u00bb global_colors_info=\u00bb{}\u00bb sticky_enabled=\u00bb0&#8243;]<\/p>\n<h2>Una seleccion de las propiedades que BLNCA gestiona o alquila actualmente<\/h2>\n<p>[\/et_pb_text][et_pb_text _builder_version=\u00bb4.27.4&#8243; _module_preset=\u00bbdefault\u00bb text_font=\u00bbPoppins|300|||||||\u00bb text_font_size=\u00bb16px\u00bb header_line_height=\u00bb0.9em\u00bb header_2_font=\u00bbBlnca||||||||\u00bb header_2_text_color=\u00bb#000000&#8243; header_2_line_height=\u00bb1.1em\u00bb header_3_font=\u00bbBrandon Regular|600||on|||||\u00bb header_3_text_color=\u00bb#00ADB5&#8243; header_3_font_size=\u00bb18px\u00bb header_3_letter_spacing=\u00bb1px\u00bb header_3_line_height=\u00bb1.2em\u00bb text_orientation=\u00bbcenter\u00bb width=\u00bb60%\u00bb width_tablet=\u00bb60%\u00bb width_phone=\u00bb100%\u00bb width_last_edited=\u00bbon|phone\u00bb module_alignment=\u00bbcenter\u00bb custom_margin=\u00bb||10px||false|false\u00bb hover_enabled=\u00bb0&#8243; locked=\u00bboff\u00bb global_colors_info=\u00bb{}\u00bb sticky_enabled=\u00bb0&#8243; link_text_color=\u00bb#00ADB5&#8243;]<\/p>\n<p>Para nuestras viviendas vacacionales colaboramos con <a href=\"https:\/\/www.i-moraira.com\/\" target=\"_blank\" rel=\"noopener\">I-Moraira<\/a>. Gracias a esta colaboraci\u00f3n, contamos con una amplia cartera y una s\u00f3lida organizaci\u00f3n de servicios locales. Juntos, representamos la profesionalidad, la experiencia local y una experiencia de vacaciones sin preocupaciones.  <\/p>\n<p>[\/et_pb_text][\/et_pb_column][\/et_pb_row][et_pb_row _builder_version=\u00bb4.27.4&#8243; _module_preset=\u00bbdefault\u00bb width=\u00bb85%\u00bb max_width=\u00bb1200px\u00bb custom_padding=\u00bb0px||||false|false\u00bb locked=\u00bboff\u00bb global_colors_info=\u00bb{}\u00bb][et_pb_column type=\u00bb4_4&#8243; _builder_version=\u00bb4.27.0&#8243; _module_preset=\u00bbdefault\u00bb global_colors_info=\u00bb{}\u00bb][difl_imagegallery image_to_display=\u00bb3&#8243; layout_mode=\u00bbfitRows\u00bb use_orientation=\u00bbon\u00bb item_gutter=\u00bb15px\u00bb use_url=\u00bbon\u00bb url_target=\u00bbnew_window\u00bb overlay=\u00bbon\u00bb overlay_primary=\u00bb#000000&#8243; overlay_secondary=\u00bbRGBA(255,255,255,0)\u00bb show_caption=\u00bbon\u00bb content_reveal_caption=\u00bbc4-reveal-down\u00bb show_description=\u00bbon\u00bb content_reveal_description=\u00bbc4-reveal-up\u00bb content_position=\u00bbc4-layout-center\u00bb caption_tag=\u00bbp\u00bb image_to_display_tablet=\u00bb3&#8243; image_to_display_phone=\u00bb1&#8243; image_to_display_last_edited=\u00bbon|phone\u00bb _builder_version=\u00bb4.27.4&#8243; _module_preset=\u00bbdefault\u00bb caption_font=\u00bbQuincy CF Light||||||||\u00bb caption_text_color=\u00bb#F9EFE3&#8243; caption_font_size=\u00bb26px\u00bb description_font=\u00bbBrandon Regular|||on|||||\u00bb description_text_color=\u00bb#FFFFFF\u00bb description_font_size=\u00bb15px\u00bb global_colors_info=\u00bb{}\u00bb][difl_imagegalleryitem gallery_ids=\u00bb331,333,334,332,309,335&#8243; _builder_version=\u00bb4.27.4&#8243; _module_preset=\u00bbdefault\u00bb global_colors_info=\u00bb{}\u00bb][\/difl_imagegalleryitem][\/difl_imagegallery][et_pb_button button_url=\u00bbhttps:\/\/www.i-moraira.com\/\u00bb url_new_window=\u00bbon\u00bb button_text=\u00bbVER TODAS LAS PROPIEDADES\u00bb button_alignment=\u00bbcenter\u00bb _builder_version=\u00bb4.27.4&#8243; _module_preset=\u00bbdefault\u00bb custom_button=\u00bbon\u00bb button_text_size=\u00bb17px\u00bb button_text_color=\u00bb#FFFFFF\u00bb button_bg_color=\u00bb#000000&#8243; button_border_width=\u00bb7px\u00bb button_border_color=\u00bb#000000&#8243; button_border_radius=\u00bb100px\u00bb button_letter_spacing=\u00bb0.5px\u00bb button_font=\u00bbBrandon Regular||||||||\u00bb custom_margin=\u00bb||||false|false\u00bb locked=\u00bboff\u00bb global_colors_info=\u00bb{}\u00bb][\/et_pb_button][\/et_pb_column][\/et_pb_row][\/et_pb_section]<\/p>\n","protected":false},"excerpt":{"rendered":"<p>NUESTRO PORTFOLIOUna seleccion de las propiedades que BLNCA gestiona o alquila actualmentePara nuestras viviendas vacacionales colaboramos con I-Moraira. Gracias a esta colaboraci\u00f3n, contamos con una amplia cartera y una s\u00f3lida organizaci\u00f3n de servicios locales. Juntos, representamos la profesionalidad, la experiencia local y una experiencia de vacaciones sin preocupaciones. <div class=\"et_pb_with_border et_pb_module difl_imagegallery difl_imagegallery_0\">\n\t\t\t\t\n\t\t\t\t\n\t\t\t\t\n\t\t\t\t\n\t\t\t\t\n\t\t\t\t\n\t\t\t\t<div class=\"et_pb_module_inner\">\n\t\t\t\t\t<div class=\"df_ig_container\" data-settings='{\"image_ids\":\"\",\"show_caption\":\"off\",\"show_description\":\"off\",\"image_size\":\"medium\",\"use_orientation\":\"\\u00bbon\\u00bb\",\"image_orientation\":\"landscape\",\"filter_nav\":\"off\",\"layout_mode\":\"\\u00bbfitRows\\u00bb\",\"load_more\":\"off\",\"init_count\":\"6\",\"image_count\":\"4\",\"use_lightbox\":\"off\",\"use_lightbox_content\":\"off\",\"use_lightbox_download\":\"off\",\"caption_tag\":\"h4\",\"description_tag\":\"p\",\"image_scale\":\"no-image-scale\",\"enable_content_position\":\"off\",\"content_position_outside\":\"c4-layout-bottom-left\",\"content_position\":\"c4-layout-top-left\",\"content_reveal_caption\":\"c4-fade-up\",\"content_reveal_description\":\"c4-fade-up\",\"border_anim\":\"off\",\"border_anm_style\":\"c4-border-fade\",\"always_show_title\":\"off\",\"always_show_description\":\"off\",\"use_url\":\"\\u00bbon\\u00bb\",\"url_target\":\"\\u00bbnew_window\\u00bb\",\"overlay\":\"off\",\"field_use_icon\":\"off\",\"field_font_icon\":\"5\",\"content_reveal_icon\":\"c4-fade-up\",\"show_pagination\":\"off\",\"pagination_img_count\":\"6\",\"use_number_pagination\":\"off\",\"older_text\":\"Older Entries\",\"newer_text\":\"Next Entries\",\"use_icon_only_at_pagination\":\"off\"}'>\n                \n                <div class=\"df_ig_gallery grid\" style=\"opacity:0;\">\n                    \n                <\/div>\n                \n                \n            <\/div>\n\t\t\t\t<\/div>\n\t\t\t<\/div><\/p>\n","protected":false},"author":1,"featured_media":0,"parent":0,"menu_order":0,"comment_status":"closed","ping_status":"closed","template":"","meta":{"_et_pb_use_builder":"on","_et_pb_old_content":"","_et_gb_content_width":"","footnotes":""},"difl_page_category":[],"class_list":["post-554","page","type-page","status-publish","hentry"],"yoast_head":"<!-- This site is optimized with the Yoast SEO plugin v27.4 - https:\/\/yoast.com\/product\/yoast-seo-wordpress\/ -->\n<title>Viviendas vacacionales - BLNCA villas<\/title>\n<meta name=\"robots\" content=\"index, follow, max-snippet:-1, max-image-preview:large, max-video-preview:-1\" \/>\n<link rel=\"canonical\" href=\"https:\/\/blncavillas.com\/vakantiewoningen\/\" \/>\n<meta property=\"og:locale\" content=\"es_ES\" \/>\n<meta property=\"og:type\" content=\"article\" \/>\n<meta property=\"og:title\" content=\"Viviendas vacacionales - BLNCA villas\" \/>\n<meta property=\"og:description\" content=\"NUESTRO PORTFOLIOUna seleccion de las propiedades que BLNCA gestiona o alquila actualmentePara nuestras viviendas vacacionales colaboramos con I-Moraira. Gracias a esta colaboraci\u00f3n, contamos con una amplia cartera y una s\u00f3lida organizaci\u00f3n de servicios locales. Juntos, representamos la profesionalidad, la experiencia local y una experiencia de vacaciones sin preocupaciones.\" \/>\n<meta property=\"og:url\" content=\"https:\/\/blncavillas.com\/vakantiewoningen\/\" \/>\n<meta property=\"og:site_name\" content=\"BLNCA villas\" \/>\n<meta property=\"article:modified_time\" content=\"2026-03-10T12:01:32+00:00\" \/>\n<meta name=\"twitter:card\" content=\"summary_large_image\" \/>\n<meta name=\"twitter:label1\" content=\"Tiempo de lectura\" \/>\n\t<meta name=\"twitter:data1\" content=\"3 minutos\" \/>\n<script type=\"application\/ld+json\" class=\"yoast-schema-graph\">{\"@context\":\"https:\\\/\\\/schema.org\",\"@graph\":[{\"@type\":\"WebPage\",\"@id\":\"https:\\\/\\\/blncavillas.com\\\/vakantiewoningen\\\/\",\"url\":\"https:\\\/\\\/blncavillas.com\\\/vakantiewoningen\\\/\",\"name\":\"Viviendas vacacionales - BLNCA villas\",\"isPartOf\":{\"@id\":\"https:\\\/\\\/blncavillas.com\\\/#website\"},\"datePublished\":\"2026-02-24T16:14:42+00:00\",\"dateModified\":\"2026-03-10T12:01:32+00:00\",\"breadcrumb\":{\"@id\":\"https:\\\/\\\/blncavillas.com\\\/vakantiewoningen\\\/#breadcrumb\"},\"inLanguage\":\"es\",\"potentialAction\":[{\"@type\":\"ReadAction\",\"target\":[\"https:\\\/\\\/blncavillas.com\\\/vakantiewoningen\\\/\"]}]},{\"@type\":\"BreadcrumbList\",\"@id\":\"https:\\\/\\\/blncavillas.com\\\/vakantiewoningen\\\/#breadcrumb\",\"itemListElement\":[{\"@type\":\"ListItem\",\"position\":1,\"name\":\"Home\",\"item\":\"https:\\\/\\\/blncavillas.com\\\/es\\\/\"},{\"@type\":\"ListItem\",\"position\":2,\"name\":\"Viviendas vacacionales\"}]},{\"@type\":\"WebSite\",\"@id\":\"https:\\\/\\\/blncavillas.com\\\/#website\",\"url\":\"https:\\\/\\\/blncavillas.com\\\/\",\"name\":\"BLNCA villas\",\"description\":\"Holiday Rentals &amp; Home Services\",\"potentialAction\":[{\"@type\":\"SearchAction\",\"target\":{\"@type\":\"EntryPoint\",\"urlTemplate\":\"https:\\\/\\\/blncavillas.com\\\/?s={search_term_string}\"},\"query-input\":{\"@type\":\"PropertyValueSpecification\",\"valueRequired\":true,\"valueName\":\"search_term_string\"}}],\"inLanguage\":\"es\"}]}<\/script>\n<!-- \/ Yoast SEO plugin. -->","yoast_head_json":{"title":"Viviendas vacacionales - BLNCA villas","robots":{"index":"index","follow":"follow","max-snippet":"max-snippet:-1","max-image-preview":"max-image-preview:large","max-video-preview":"max-video-preview:-1"},"canonical":"https:\/\/blncavillas.com\/vakantiewoningen\/","og_locale":"es_ES","og_type":"article","og_title":"Viviendas vacacionales - BLNCA villas","og_description":"NUESTRO PORTFOLIOUna seleccion de las propiedades que BLNCA gestiona o alquila actualmentePara nuestras viviendas vacacionales colaboramos con I-Moraira. Gracias a esta colaboraci\u00f3n, contamos con una amplia cartera y una s\u00f3lida organizaci\u00f3n de servicios locales. Juntos, representamos la profesionalidad, la experiencia local y una experiencia de vacaciones sin preocupaciones.","og_url":"https:\/\/blncavillas.com\/vakantiewoningen\/","og_site_name":"BLNCA villas","article_modified_time":"2026-03-10T12:01:32+00:00","twitter_card":"summary_large_image","twitter_misc":{"Tiempo de lectura":"3 minutos"},"schema":{"@context":"https:\/\/schema.org","@graph":[{"@type":"WebPage","@id":"https:\/\/blncavillas.com\/vakantiewoningen\/","url":"https:\/\/blncavillas.com\/vakantiewoningen\/","name":"Viviendas vacacionales - BLNCA villas","isPartOf":{"@id":"https:\/\/blncavillas.com\/#website"},"datePublished":"2026-02-24T16:14:42+00:00","dateModified":"2026-03-10T12:01:32+00:00","breadcrumb":{"@id":"https:\/\/blncavillas.com\/vakantiewoningen\/#breadcrumb"},"inLanguage":"es","potentialAction":[{"@type":"ReadAction","target":["https:\/\/blncavillas.com\/vakantiewoningen\/"]}]},{"@type":"BreadcrumbList","@id":"https:\/\/blncavillas.com\/vakantiewoningen\/#breadcrumb","itemListElement":[{"@type":"ListItem","position":1,"name":"Home","item":"https:\/\/blncavillas.com\/es\/"},{"@type":"ListItem","position":2,"name":"Viviendas vacacionales"}]},{"@type":"WebSite","@id":"https:\/\/blncavillas.com\/#website","url":"https:\/\/blncavillas.com\/","name":"BLNCA villas","description":"Holiday Rentals &amp; Home Services","potentialAction":[{"@type":"SearchAction","target":{"@type":"EntryPoint","urlTemplate":"https:\/\/blncavillas.com\/?s={search_term_string}"},"query-input":{"@type":"PropertyValueSpecification","valueRequired":true,"valueName":"search_term_string"}}],"inLanguage":"es"}]}},"_links":{"self":[{"href":"https:\/\/blncavillas.com\/es\/wp-json\/wp\/v2\/pages\/554","targetHints":{"allow":["GET"]}}],"collection":[{"href":"https:\/\/blncavillas.com\/es\/wp-json\/wp\/v2\/pages"}],"about":[{"href":"https:\/\/blncavillas.com\/es\/wp-json\/wp\/v2\/types\/page"}],"author":[{"embeddable":true,"href":"https:\/\/blncavillas.com\/es\/wp-json\/wp\/v2\/users\/1"}],"replies":[{"embeddable":true,"href":"https:\/\/blncavillas.com\/es\/wp-json\/wp\/v2\/comments?post=554"}],"version-history":[{"count":2,"href":"https:\/\/blncavillas.com\/es\/wp-json\/wp\/v2\/pages\/554\/revisions"}],"predecessor-version":[{"id":556,"href":"https:\/\/blncavillas.com\/es\/wp-json\/wp\/v2\/pages\/554\/revisions\/556"}],"wp:attachment":[{"href":"https:\/\/blncavillas.com\/es\/wp-json\/wp\/v2\/media?parent=554"}],"wp:term":[{"taxonomy":"difl_page_category","embeddable":true,"href":"https:\/\/blncavillas.com\/es\/wp-json\/wp\/v2\/difl_page_category?post=554"}],"curies":[{"name":"wp","href":"https:\/\/api.w.org\/{rel}","templated":true}]}}