{"id":557,"date":"2026-02-24T16:14:42","date_gmt":"2026-02-24T16:14:42","guid":{"rendered":"https:\/\/blncavillas.com\/ferienunterkuenfte\/"},"modified":"2026-03-10T12:02:51","modified_gmt":"2026-03-10T12:02:51","slug":"ferienunterkuenfte","status":"publish","type":"page","link":"https:\/\/blncavillas.com\/de\/ferienunterkuenfte\/","title":{"rendered":"Ferienunterk\u00fcnfte"},"content":{"rendered":"<p>[et_pb_section fb_built=&#8220;1&#8243; custom_padding_last_edited=&#8220;on|phone&#8220; _builder_version=&#8220;4.27.4&#8243; _module_preset=&#8220;default&#8220; background_color=&#8220;#FFFFFF&#8220; use_background_color_gradient=&#8220;on&#8220; background_color_gradient_stops=&#8220;#ffffff 0%|#f9efe3 100%&#8220; background_image=&#8220;https:\/\/blncavillas.com\/wp-content\/uploads\/2026\/02\/BLNCAvillas_logo_white_download.png&#8220; background_size=&#8220;initial&#8220; background_position=&#8220;bottom_left&#8220; background_horizontal_offset=&#8220;-8%&#8220; custom_padding=&#8220;30px||||false|false&#8220; custom_padding_tablet=&#8220;30px||||false|false&#8220; custom_padding_phone=&#8220;20px||||false|false&#8220; locked=&#8220;off&#8220; global_colors_info=&#8220;{}&#8220;][et_pb_row _builder_version=&#8220;4.27.4&#8243; _module_preset=&#8220;default&#8220; width=&#8220;85%&#8220; max_width=&#8220;1200px&#8220; locked=&#8220;off&#8220; global_colors_info=&#8220;{}&#8220;][et_pb_column type=&#8220;4_4&#8243; _builder_version=&#8220;4.27.0&#8243; _module_preset=&#8220;default&#8220; global_colors_info=&#8220;{}&#8220;][et_pb_icon font_icon=&#8220;&#xe021;||divi||400&#8243; icon_color=&#8220;#00ADB5&#8243; icon_width=&#8220;40px&#8220; _builder_version=&#8220;4.27.4&#8243; _module_preset=&#8220;default&#8220; custom_margin=&#8220;||10px||false|false&#8220; custom_padding=&#8220;||||false|false&#8220; locked=&#8220;off&#8220; global_colors_info=&#8220;{}&#8220;][\/et_pb_icon][et_pb_text _builder_version=&#8220;4.27.4&#8243; _module_preset=&#8220;default&#8220; text_font=&#8220;Poppins|300|||||||&#8220; text_font_size=&#8220;16px&#8220; header_line_height=&#8220;0.9em&#8220; header_2_font=&#8220;Blnca||||||||&#8220; header_2_text_color=&#8220;#000000&#8243; header_2_line_height=&#8220;1.1em&#8220; header_3_font=&#8220;Brandon Regular|||on|||||&#8220; header_3_text_align=&#8220;center&#8220; header_3_text_color=&#8220;#00ADB5&#8243; header_3_font_size=&#8220;18px&#8220; header_3_letter_spacing=&#8220;1px&#8220; header_3_line_height=&#8220;1.2em&#8220; text_orientation=&#8220;center&#8220; custom_margin=&#8220;||0px||false|false&#8220; locked=&#8220;off&#8220; global_colors_info=&#8220;{}&#8220;]<\/p>\n<h3>UNSER PORTFOLIO<\/h3>\n<p>[\/et_pb_text][et_pb_text _builder_version=&#8220;4.27.4&#8243; _module_preset=&#8220;default&#8220; text_font=&#8220;Poppins|300|||||||&#8220; text_font_size=&#8220;16px&#8220; header_line_height=&#8220;0.9em&#8220; header_2_font=&#8220;Quincy CF Light||||||||&#8220; header_2_text_align=&#8220;center&#8220; header_2_text_color=&#8220;#000000&#8243; header_2_font_size=&#8220;38px&#8220; header_2_line_height=&#8220;0.9em&#8220; header_3_font=&#8220;Brandon Regular|600||on|||||&#8220; header_3_text_color=&#8220;#00ADB5&#8243; header_3_font_size=&#8220;18px&#8220; header_3_letter_spacing=&#8220;1px&#8220; header_3_line_height=&#8220;1.2em&#8220; width=&#8220;50%&#8220; width_tablet=&#8220;50%&#8220; width_phone=&#8220;100%&#8220; width_last_edited=&#8220;on|phone&#8220; module_alignment=&#8220;center&#8220; custom_margin=&#8220;0px||5px||false|false&#8220; hover_enabled=&#8220;0&#8243; header_2_font_size_tablet=&#8220;38px&#8220; header_2_font_size_phone=&#8220;7vw&#8220; header_2_font_size_last_edited=&#8220;on|phone&#8220; locked=&#8220;off&#8220; global_colors_info=&#8220;{}&#8220; sticky_enabled=&#8220;0&#8243;]<\/p>\n<h2>Eine Auswahl der Immobilien, die BLNCA derzeit verwaltet oder vermietet<\/h2>\n<p>[\/et_pb_text][et_pb_text _builder_version=&#8220;4.27.4&#8243; _module_preset=&#8220;default&#8220; text_font=&#8220;Poppins|300|||||||&#8220; text_font_size=&#8220;16px&#8220; header_line_height=&#8220;0.9em&#8220; header_2_font=&#8220;Blnca||||||||&#8220; header_2_text_color=&#8220;#000000&#8243; header_2_line_height=&#8220;1.1em&#8220; header_3_font=&#8220;Brandon Regular|600||on|||||&#8220; header_3_text_color=&#8220;#00ADB5&#8243; header_3_font_size=&#8220;18px&#8220; header_3_letter_spacing=&#8220;1px&#8220; header_3_line_height=&#8220;1.2em&#8220; text_orientation=&#8220;center&#8220; width=&#8220;60%&#8220; width_tablet=&#8220;60%&#8220; width_phone=&#8220;100%&#8220; width_last_edited=&#8220;on|phone&#8220; module_alignment=&#8220;center&#8220; custom_margin=&#8220;||10px||false|false&#8220; hover_enabled=&#8220;0&#8243; locked=&#8220;off&#8220; global_colors_info=&#8220;{}&#8220; sticky_enabled=&#8220;0&#8243; link_text_color=&#8220;#00ADB5&#8243;]<\/p>\n<p>F\u00fcr unsere Ferienunterk\u00fcnfte arbeiten wir mit <a href=\"https:\/\/www.i-moraira.com\/\" target=\"_blank\" rel=\"noopener\">I-Moraira<\/a> zusammen. Dank dieser Zusammenarbeit verf\u00fcgen wir \u00fcber ein breites Portfolio und eine starke Serviceorganisation vor Ort. Gemeinsam stehen wir f\u00fcr Professionalit\u00e4t, lokale Expertise und ein sorgenfreies Urlaubserlebnis.  <\/p>\n<p>[\/et_pb_text][\/et_pb_column][\/et_pb_row][et_pb_row _builder_version=&#8220;4.27.4&#8243; _module_preset=&#8220;default&#8220; width=&#8220;85%&#8220; max_width=&#8220;1200px&#8220; custom_padding=&#8220;0px||||false|false&#8220; locked=&#8220;off&#8220; global_colors_info=&#8220;{}&#8220;][et_pb_column type=&#8220;4_4&#8243; _builder_version=&#8220;4.27.0&#8243; _module_preset=&#8220;default&#8220; global_colors_info=&#8220;{}&#8220;][difl_imagegallery image_to_display=&#8220;3&#8243; layout_mode=&#8220;fitRows&#8220; use_orientation=&#8220;on&#8220; item_gutter=&#8220;15px&#8220; use_url=&#8220;on&#8220; url_target=&#8220;new_window&#8220; overlay=&#8220;on&#8220; overlay_primary=&#8220;#000000&#8243; overlay_secondary=&#8220;RGBA(255,255,255,0)&#8220; show_caption=&#8220;on&#8220; content_reveal_caption=&#8220;c4-reveal-down&#8220; show_description=&#8220;on&#8220; content_reveal_description=&#8220;c4-reveal-up&#8220; content_position=&#8220;c4-layout-center&#8220; caption_tag=&#8220;p&#8220; image_to_display_tablet=&#8220;3&#8243; image_to_display_phone=&#8220;1&#8243; image_to_display_last_edited=&#8220;on|phone&#8220; _builder_version=&#8220;4.27.4&#8243; _module_preset=&#8220;default&#8220; caption_font=&#8220;Quincy CF Light||||||||&#8220; caption_text_color=&#8220;#F9EFE3&#8243; caption_font_size=&#8220;26px&#8220; description_font=&#8220;Brandon Regular|||on|||||&#8220; description_text_color=&#8220;#FFFFFF&#8220; description_font_size=&#8220;15px&#8220; global_colors_info=&#8220;{}&#8220;][difl_imagegalleryitem gallery_ids=&#8220;331,333,334,332,309,335&#8243; _builder_version=&#8220;4.27.4&#8243; _module_preset=&#8220;default&#8220; global_colors_info=&#8220;{}&#8220;][\/difl_imagegalleryitem][\/difl_imagegallery][et_pb_button button_url=&#8220;https:\/\/www.i-moraira.com\/&#8220; url_new_window=&#8220;on&#8220; button_text=&#8220;ALLE IMMOBILIEN ANSEHEN&#8220; button_alignment=&#8220;center&#8220; _builder_version=&#8220;4.27.4&#8243; _module_preset=&#8220;default&#8220; custom_button=&#8220;on&#8220; button_text_size=&#8220;17px&#8220; button_text_color=&#8220;#FFFFFF&#8220; button_bg_color=&#8220;#000000&#8243; button_border_width=&#8220;7px&#8220; button_border_color=&#8220;#000000&#8243; button_border_radius=&#8220;100px&#8220; button_letter_spacing=&#8220;0.5px&#8220; button_font=&#8220;Brandon Regular||||||||&#8220; custom_margin=&#8220;||||false|false&#8220; locked=&#8220;off&#8220; global_colors_info=&#8220;{}&#8220;][\/et_pb_button][\/et_pb_column][\/et_pb_row][\/et_pb_section]<\/p>\n","protected":false},"excerpt":{"rendered":"<p>UNSER PORTFOLIOEine Auswahl der Immobilien, die BLNCA derzeit verwaltet oder vermietetF\u00fcr unsere Ferienunterk\u00fcnfte arbeiten wir mit I-Moraira zusammen. Dank dieser Zusammenarbeit verf\u00fcgen wir \u00fcber ein breites Portfolio und eine starke Serviceorganisation vor Ort. Gemeinsam stehen wir f\u00fcr Professionalit\u00e4t, lokale Expertise und ein sorgenfreies Urlaubserlebnis. <div class=\"et_pb_with_border et_pb_module difl_imagegallery difl_imagegallery_0\">\n\t\t\t\t\n\t\t\t\t\n\t\t\t\t\n\t\t\t\t\n\t\t\t\t\n\t\t\t\t\n\t\t\t\t<div class=\"et_pb_module_inner\">\n\t\t\t\t\t<div class=\"df_ig_container\" data-settings='{\"image_ids\":\"\",\"show_caption\":\"&#8220;on&#8220;\",\"show_description\":\"off\",\"image_size\":\"medium\",\"use_orientation\":\"&#8220;on&#8220;\",\"image_orientation\":\"landscape\",\"filter_nav\":\"off\",\"layout_mode\":\"&#8220;fitRows&#8220;\",\"load_more\":\"off\",\"init_count\":\"6\",\"image_count\":\"4\",\"use_lightbox\":\"off\",\"use_lightbox_content\":\"off\",\"use_lightbox_download\":\"off\",\"caption_tag\":\"h4\",\"description_tag\":\"p\",\"image_scale\":\"no-image-scale\",\"enable_content_position\":\"off\",\"content_position_outside\":\"c4-layout-bottom-left\",\"content_position\":\"c4-layout-top-left\",\"content_reveal_caption\":\"c4-fade-up\",\"content_reveal_description\":\"c4-fade-up\",\"border_anim\":\"off\",\"border_anm_style\":\"c4-border-fade\",\"always_show_title\":\"off\",\"always_show_description\":\"off\",\"use_url\":\"&#8220;on&#8220;\",\"url_target\":\"&#8220;new_window&#8220;\",\"overlay\":\"&#8220;on&#8220;\",\"field_use_icon\":\"off\",\"field_font_icon\":\"5\",\"content_reveal_icon\":\"c4-fade-up\",\"show_pagination\":\"off\",\"pagination_img_count\":\"6\",\"use_number_pagination\":\"off\",\"older_text\":\"Older Entries\",\"newer_text\":\"Next Entries\",\"use_icon_only_at_pagination\":\"off\"}'>\n                \n                <div class=\"df_ig_gallery grid\" style=\"opacity:0;\">\n                    \n                <\/div>\n                \n                \n            <\/div>\n\t\t\t\t<\/div>\n\t\t\t<\/div><\/p>\n","protected":false},"author":1,"featured_media":0,"parent":0,"menu_order":0,"comment_status":"closed","ping_status":"closed","template":"","meta":{"_et_pb_use_builder":"on","_et_pb_old_content":"","_et_gb_content_width":"","footnotes":""},"difl_page_category":[],"class_list":["post-557","page","type-page","status-publish","hentry"],"yoast_head":"<!-- This site is optimized with the Yoast SEO plugin v27.4 - https:\/\/yoast.com\/product\/yoast-seo-wordpress\/ -->\n<title>Ferienunterk\u00fcnfte - BLNCA villas<\/title>\n<meta name=\"robots\" content=\"index, follow, max-snippet:-1, max-image-preview:large, max-video-preview:-1\" \/>\n<link rel=\"canonical\" href=\"https:\/\/blncavillas.com\/vakantiewoningen\/\" \/>\n<meta property=\"og:locale\" content=\"de_DE\" \/>\n<meta property=\"og:type\" content=\"article\" \/>\n<meta property=\"og:title\" content=\"Ferienunterk\u00fcnfte - BLNCA villas\" \/>\n<meta property=\"og:description\" content=\"UNSER PORTFOLIOEine Auswahl der Immobilien, die BLNCA derzeit verwaltet oder vermietetF\u00fcr unsere Ferienunterk\u00fcnfte arbeiten wir mit I-Moraira zusammen. Dank dieser Zusammenarbeit verf\u00fcgen wir \u00fcber ein breites Portfolio und eine starke Serviceorganisation vor Ort. Gemeinsam stehen wir f\u00fcr Professionalit\u00e4t, lokale Expertise und ein sorgenfreies Urlaubserlebnis.\" \/>\n<meta property=\"og:url\" content=\"https:\/\/blncavillas.com\/vakantiewoningen\/\" \/>\n<meta property=\"og:site_name\" content=\"BLNCA villas\" \/>\n<meta property=\"article:modified_time\" content=\"2026-03-10T12:02:51+00:00\" \/>\n<meta name=\"twitter:card\" content=\"summary_large_image\" \/>\n<meta name=\"twitter:label1\" content=\"Gesch\u00e4tzte Lesezeit\" \/>\n\t<meta name=\"twitter:data1\" content=\"3\u00a0Minuten\" \/>\n<script type=\"application\/ld+json\" class=\"yoast-schema-graph\">{\"@context\":\"https:\\\/\\\/schema.org\",\"@graph\":[{\"@type\":\"WebPage\",\"@id\":\"https:\\\/\\\/blncavillas.com\\\/vakantiewoningen\\\/\",\"url\":\"https:\\\/\\\/blncavillas.com\\\/vakantiewoningen\\\/\",\"name\":\"Ferienunterk\u00fcnfte - BLNCA villas\",\"isPartOf\":{\"@id\":\"https:\\\/\\\/blncavillas.com\\\/#website\"},\"datePublished\":\"2026-02-24T16:14:42+00:00\",\"dateModified\":\"2026-03-10T12:02:51+00:00\",\"breadcrumb\":{\"@id\":\"https:\\\/\\\/blncavillas.com\\\/vakantiewoningen\\\/#breadcrumb\"},\"inLanguage\":\"de\",\"potentialAction\":[{\"@type\":\"ReadAction\",\"target\":[\"https:\\\/\\\/blncavillas.com\\\/vakantiewoningen\\\/\"]}]},{\"@type\":\"BreadcrumbList\",\"@id\":\"https:\\\/\\\/blncavillas.com\\\/vakantiewoningen\\\/#breadcrumb\",\"itemListElement\":[{\"@type\":\"ListItem\",\"position\":1,\"name\":\"Home\",\"item\":\"https:\\\/\\\/blncavillas.com\\\/de\\\/\"},{\"@type\":\"ListItem\",\"position\":2,\"name\":\"Ferienunterk\u00fcnfte\"}]},{\"@type\":\"WebSite\",\"@id\":\"https:\\\/\\\/blncavillas.com\\\/#website\",\"url\":\"https:\\\/\\\/blncavillas.com\\\/\",\"name\":\"BLNCA villas\",\"description\":\"Holiday Rentals &amp; Home Services\",\"potentialAction\":[{\"@type\":\"SearchAction\",\"target\":{\"@type\":\"EntryPoint\",\"urlTemplate\":\"https:\\\/\\\/blncavillas.com\\\/?s={search_term_string}\"},\"query-input\":{\"@type\":\"PropertyValueSpecification\",\"valueRequired\":true,\"valueName\":\"search_term_string\"}}],\"inLanguage\":\"de\"}]}<\/script>\n<!-- \/ Yoast SEO plugin. -->","yoast_head_json":{"title":"Ferienunterk\u00fcnfte - BLNCA villas","robots":{"index":"index","follow":"follow","max-snippet":"max-snippet:-1","max-image-preview":"max-image-preview:large","max-video-preview":"max-video-preview:-1"},"canonical":"https:\/\/blncavillas.com\/vakantiewoningen\/","og_locale":"de_DE","og_type":"article","og_title":"Ferienunterk\u00fcnfte - BLNCA villas","og_description":"UNSER PORTFOLIOEine Auswahl der Immobilien, die BLNCA derzeit verwaltet oder vermietetF\u00fcr unsere Ferienunterk\u00fcnfte arbeiten wir mit I-Moraira zusammen. Dank dieser Zusammenarbeit verf\u00fcgen wir \u00fcber ein breites Portfolio und eine starke Serviceorganisation vor Ort. Gemeinsam stehen wir f\u00fcr Professionalit\u00e4t, lokale Expertise und ein sorgenfreies Urlaubserlebnis.","og_url":"https:\/\/blncavillas.com\/vakantiewoningen\/","og_site_name":"BLNCA villas","article_modified_time":"2026-03-10T12:02:51+00:00","twitter_card":"summary_large_image","twitter_misc":{"Gesch\u00e4tzte Lesezeit":"3\u00a0Minuten"},"schema":{"@context":"https:\/\/schema.org","@graph":[{"@type":"WebPage","@id":"https:\/\/blncavillas.com\/vakantiewoningen\/","url":"https:\/\/blncavillas.com\/vakantiewoningen\/","name":"Ferienunterk\u00fcnfte - BLNCA villas","isPartOf":{"@id":"https:\/\/blncavillas.com\/#website"},"datePublished":"2026-02-24T16:14:42+00:00","dateModified":"2026-03-10T12:02:51+00:00","breadcrumb":{"@id":"https:\/\/blncavillas.com\/vakantiewoningen\/#breadcrumb"},"inLanguage":"de","potentialAction":[{"@type":"ReadAction","target":["https:\/\/blncavillas.com\/vakantiewoningen\/"]}]},{"@type":"BreadcrumbList","@id":"https:\/\/blncavillas.com\/vakantiewoningen\/#breadcrumb","itemListElement":[{"@type":"ListItem","position":1,"name":"Home","item":"https:\/\/blncavillas.com\/de\/"},{"@type":"ListItem","position":2,"name":"Ferienunterk\u00fcnfte"}]},{"@type":"WebSite","@id":"https:\/\/blncavillas.com\/#website","url":"https:\/\/blncavillas.com\/","name":"BLNCA villas","description":"Holiday Rentals &amp; Home Services","potentialAction":[{"@type":"SearchAction","target":{"@type":"EntryPoint","urlTemplate":"https:\/\/blncavillas.com\/?s={search_term_string}"},"query-input":{"@type":"PropertyValueSpecification","valueRequired":true,"valueName":"search_term_string"}}],"inLanguage":"de"}]}},"_links":{"self":[{"href":"https:\/\/blncavillas.com\/de\/wp-json\/wp\/v2\/pages\/557","targetHints":{"allow":["GET"]}}],"collection":[{"href":"https:\/\/blncavillas.com\/de\/wp-json\/wp\/v2\/pages"}],"about":[{"href":"https:\/\/blncavillas.com\/de\/wp-json\/wp\/v2\/types\/page"}],"author":[{"embeddable":true,"href":"https:\/\/blncavillas.com\/de\/wp-json\/wp\/v2\/users\/1"}],"replies":[{"embeddable":true,"href":"https:\/\/blncavillas.com\/de\/wp-json\/wp\/v2\/comments?post=557"}],"version-history":[{"count":5,"href":"https:\/\/blncavillas.com\/de\/wp-json\/wp\/v2\/pages\/557\/revisions"}],"predecessor-version":[{"id":569,"href":"https:\/\/blncavillas.com\/de\/wp-json\/wp\/v2\/pages\/557\/revisions\/569"}],"wp:attachment":[{"href":"https:\/\/blncavillas.com\/de\/wp-json\/wp\/v2\/media?parent=557"}],"wp:term":[{"taxonomy":"difl_page_category","embeddable":true,"href":"https:\/\/blncavillas.com\/de\/wp-json\/wp\/v2\/difl_page_category?post=557"}],"curies":[{"name":"wp","href":"https:\/\/api.w.org\/{rel}","templated":true}]}}